{"id":10328,"date":"2026-05-04T16:03:54","date_gmt":"2026-05-04T21:03:54","guid":{"rendered":"https:\/\/xanthushotel.com\/?page_id=10328"},"modified":"2026-05-05T10:29:38","modified_gmt":"2026-05-05T15:29:38","slug":"sobre-nosotros","status":"publish","type":"page","link":"https:\/\/xanthushotel.com\/en\/sobre-nosotros\/","title":{"rendered":"Sobre Nosotros"},"content":{"rendered":"<div data-elementor-type=\"wp-page\" data-elementor-id=\"10328\" class=\"elementor elementor-10328\" data-elementor-post-type=\"page\">\n\t\t\t\t<div class=\"elementor-element elementor-element-eea9c65 e-flex e-con-boxed e-con e-parent\" data-id=\"eea9c65\" data-element_type=\"container\" data-e-type=\"container\" data-settings=\"{&quot;background_background&quot;:&quot;classic&quot;}\">\n\t\t\t\t\t<div class=\"e-con-inner\">\n\t\t<div class=\"elementor-element elementor-element-d8f9ddc e-con-full e-flex e-con e-child\" data-id=\"d8f9ddc\" data-element_type=\"container\" data-e-type=\"container\">\n\t\t\t\t<div class=\"elementor-element elementor-element-5759995 elementor-invisible elementor-widget elementor-widget-heading\" data-id=\"5759995\" data-element_type=\"widget\" data-e-type=\"widget\" data-settings=\"{&quot;_animation&quot;:&quot;fadeInUp&quot;}\" data-widget_type=\"heading.default\">\n\t\t\t\t\t<h2 class=\"elementor-heading-title elementor-size-default\">Sobre Nosotros<\/h2>\t\t\t\t<\/div>\n\t\t\t\t<\/div>\n\t\t\t\t\t<\/div>\n\t\t\t\t<\/div>\n\t\t<div class=\"elementor-element elementor-element-9be6cd1 e-flex e-con-boxed e-con e-parent\" data-id=\"9be6cd1\" data-element_type=\"container\" data-e-type=\"container\">\n\t\t\t\t\t<div class=\"e-con-inner\">\n\t\t\t\t<div class=\"elementor-element elementor-element-bd75bc9 elementor-widget elementor-widget-image\" data-id=\"bd75bc9\" data-element_type=\"widget\" data-e-type=\"widget\" data-widget_type=\"image.default\">\n\t\t\t\t\t\t\t\t\t\t\t\t\t\t\t<img decoding=\"async\" width=\"150\" height=\"150\" src=\"https:\/\/xanthushotel.com\/wp-content\/uploads\/2026\/02\/logo-circular-1-150x150.png\" class=\"attachment-thumbnail size-thumbnail wp-image-9666\" alt=\"\" srcset=\"https:\/\/xanthushotel.com\/wp-content\/uploads\/2026\/02\/logo-circular-1-150x150.png 150w, https:\/\/xanthushotel.com\/wp-content\/uploads\/2026\/02\/logo-circular-1-300x300.png 300w, https:\/\/xanthushotel.com\/wp-content\/uploads\/2026\/02\/elementor\/thumbs\/logo-circular-1-rirf8h1uh09c33glc41df690vwyq41ubuoelt15fxk.png 100w, https:\/\/xanthushotel.com\/wp-content\/uploads\/2026\/02\/logo-circular-1.png 459w\" sizes=\"(max-width: 150px) 100vw, 150px\" \/>\t\t\t\t\t\t\t\t\t\t\t\t\t\t\t<\/div>\n\t\t<div class=\"elementor-element elementor-element-c5b08ba e-con-full e-flex e-con e-child\" data-id=\"c5b08ba\" data-element_type=\"container\" data-e-type=\"container\">\n\t\t\t\t<div class=\"elementor-element elementor-element-695ec46 elementor-widget elementor-widget-heading\" data-id=\"695ec46\" data-element_type=\"widget\" data-e-type=\"widget\" data-widget_type=\"heading.default\">\n\t\t\t\t\t<h2 class=\"elementor-heading-title elementor-size-default\">Xanthus Hotel<\/h2>\t\t\t\t<\/div>\n\t\t\t\t<\/div>\n\t\t\t\t<div class=\"elementor-element elementor-element-488ab20 elementor-widget elementor-widget-text-editor\" data-id=\"488ab20\" data-element_type=\"widget\" data-e-type=\"widget\" data-widget_type=\"text-editor.default\">\n\t\t\t\t\t\t\t\t\t<p>Es un espacio de hospedaje localizado en los m\u00e1rgenes orientales de Laguna Milagros, un hermoso lago perteneciente al Sistema Lagunar Bacalar, equidistante a tan s\u00f3lo 15 minutos de las ciudades de Bacalar y Chetumal, su aeropuerto internacional y el Tren Maya.Con siete amplias y confortables caba\u00f1as frente a la Laguna, una hermosa piscina al aire libre, de 200 metros cuadrados, restaurante bar en sus inmediaciones, amplios jardines de flora local. Xanthus Hotel es el rinc\u00f3n so\u00f1ado para los amantes de la naturaleza, la tranquilidad y el regocijo espiritual.<\/p>\t\t\t\t\t\t\t\t<\/div>\n\t\t\t\t<div class=\"elementor-element elementor-element-69b3d9f elementor-widget elementor-widget-text-editor\" data-id=\"69b3d9f\" data-element_type=\"widget\" data-e-type=\"widget\" data-widget_type=\"text-editor.default\">\n\t\t\t\t\t\t\t\t\t<p>Xanthus Hotel cuenta adem\u00e1s con servicio de asador al aire libre as\u00ed como espacios adecuados para disfrutar de veladas nocturnas en torno a fogatas que har\u00e1n inolvidable su estancia en este entorno paradisiaco del Sur selv\u00e1tico del Caribe Mexicano, a unos cuantos minutos de Chetumal y Bacalar.<\/p>\t\t\t\t\t\t\t\t<\/div>\n\t\t\t\t\t<\/div>\n\t\t\t\t<\/div>\n\t\t\t\t<\/div>","protected":false},"excerpt":{"rendered":"<p>Sobre Nosotros Xanthus Hotel Es un espacio de hospedaje localizado en los m\u00e1rgenes orientales de Laguna Milagros, un hermoso lago perteneciente al Sistema Lagunar Bacalar, equidistante a tan s\u00f3lo 15 minutos de las ciudades de Bacalar y Chetumal, su aeropuerto internacional y el Tren Maya.Con siete amplias y confortables caba\u00f1as frente a la Laguna, una [&hellip;]<\/p>\n","protected":false},"author":1,"featured_media":0,"parent":0,"menu_order":0,"comment_status":"closed","ping_status":"closed","template":"elementor_canvas","meta":{"inline_featured_image":false,"footnotes":""},"class_list":["post-10328","page","type-page","status-publish","hentry"],"_links":{"self":[{"href":"https:\/\/xanthushotel.com\/en\/wp-json\/wp\/v2\/pages\/10328","targetHints":{"allow":["GET"]}}],"collection":[{"href":"https:\/\/xanthushotel.com\/en\/wp-json\/wp\/v2\/pages"}],"about":[{"href":"https:\/\/xanthushotel.com\/en\/wp-json\/wp\/v2\/types\/page"}],"author":[{"embeddable":true,"href":"https:\/\/xanthushotel.com\/en\/wp-json\/wp\/v2\/users\/1"}],"replies":[{"embeddable":true,"href":"https:\/\/xanthushotel.com\/en\/wp-json\/wp\/v2\/comments?post=10328"}],"version-history":[{"count":0,"href":"https:\/\/xanthushotel.com\/en\/wp-json\/wp\/v2\/pages\/10328\/revisions"}],"wp:attachment":[{"href":"https:\/\/xanthushotel.com\/en\/wp-json\/wp\/v2\/media?parent=10328"}],"curies":[{"name":"wp","href":"https:\/\/api.w.org\/{rel}","templated":true}]}}